{"id":6,"date":"2019-04-16T17:05:30","date_gmt":"2019-04-16T15:05:30","guid":{"rendered":"https:\/\/settons-spa.com\/?page_id=6"},"modified":"2023-05-23T17:02:51","modified_gmt":"2023-05-23T15:02:51","slug":"accueil","status":"publish","type":"page","link":"https:\/\/settons-spa.com\/","title":{"rendered":"Accueil"},"content":{"rendered":"\n<p><strong>\u00ab\u00a0La parenth\u00e8se enchant\u00e9e\u00a0\u00bb<\/strong> est un espace de d\u00e9tente situ\u00e9 au c\u0153ur du parc naturel du Morvan, sur les rives du lac des Settons.<br>Il se situe dans l&rsquo;enceinte du <a href=\"https:\/\/settons-camping.fr\/\" target=\"_blank\" rel=\"noreferrer noopener\">Camping Plage du Midi<\/a>.<br>C&rsquo;est un chalet d\u00e9di\u00e9 au \u00ab\u00a0bien-\u00eatre \u00e9cologique\u00a0\u00bb avec sauna, hammam, terrasse solarium, douche et tisanerie.<\/p>\n\n\n\n<p>Uniquement sur rendez-vous &#8211; 8 personnes max.<\/p>\n\n\n\n<p>R\u00e9servation au <a rel=\"noreferrer noopener\" href=\"tel:0386845197\" target=\"_blank\">+33(0)3 86 84 51 97<\/a><\/p>\n\n\n\n<div class=\"wp-block-columns is-layout-flex wp-container-core-columns-is-layout-9d6595d7 wp-block-columns-is-layout-flex\">\n<div class=\"wp-block-column is-layout-flow wp-block-column-is-layout-flow\">\n<iframe src=\"https:\/\/www.google.com\/maps\/embed?pb=!1m14!1m8!1m3!1d10846.669340519995!2d4.0729144!3d47.1839495!3m2!1i1024!2i768!4f13.1!3m3!1m2!1s0x0%3A0xec716067fa612345!2sLa%20Parenth%C3%A8se%20Enchant%C3%A9e!5e0!3m2!1sfr!2sfr!4v1657100537790!5m2!1sfr!2sfr\" style=\"border:0;\" allowfullscreen=\"\" loading=\"lazy\" referrerpolicy=\"no-referrer-when-downgrade\" width=\"400\" height=\"300\"><\/iframe>\n<\/div>\n<\/div>\n\n\n\n<div class=\"wp-block-columns is-layout-flex wp-container-core-columns-is-layout-9d6595d7 wp-block-columns-is-layout-flex\">\n<div class=\"wp-block-column is-layout-flow wp-block-column-is-layout-flow\" style=\"flex-basis:100%\">\n<p><\/p>\n<\/div>\n<\/div>\n\n\n\n<p><strong>Formule Sauna &amp; Hammam : 35\u20ac \/ heure \/ personne <\/strong><\/p>\n\n\n\n<ul class=\"wp-block-list\">\n<li>L\u2019acc\u00e8s au chalet d&rsquo;une capacit\u00e9 de 8 pers. maximum<\/li>\n\n\n\n<li>L&rsquo;acc\u00e8s au sauna et au hammam, aux douches, \u00e0 la terrasse solarium<\/li>\n\n\n\n<li>La tisanerie<\/li>\n\n\n\n<li>Les serviettes.<\/li>\n<\/ul>\n\n\n\n<p><strong>Pr\u00e9conisations :<\/strong><\/p>\n\n\n\n<ul class=\"wp-block-list\">\n<li>Dur\u00e9e du sauna et du hammam entre 8 et 15 min., r\u00e9p\u00e9ter apr\u00e8s 15 min. de repos ;<\/li>\n\n\n\n<li>\u00catre majeur ;<\/li>\n\n\n\n<li>Interdit aux femmes enceintes&nbsp;;<\/li>\n\n\n\n<li>Douche obligatoire avant chaque passage ;<\/li>\n\n\n\n<li>Port du maillot de bain obligatoire, cale\u00e7on de bain ou shorts interdits ;<\/li>\n\n\n\n<li>Pour le sauna, une serviette doit \u00eatre pos\u00e9e entre le banc et la peau ;<\/li>\n<\/ul>\n\n\n\n<p>\n\n\n\n\n\n\n\n\n\n\n\nLe sauna et le hammam sont d\u00e9conseill\u00e9s aux personnes souffrant de\ntroubles cardiaques, d\u2019hypertension, d\u2019insuffisances veineuse ou r\u00e9nale,\nd\u2019\u00e9pilepsie, d\u2019asthme. \n\n\n\n<\/p>\n","protected":false},"excerpt":{"rendered":"<p>\u00ab\u00a0La parenth\u00e8se enchant\u00e9e\u00a0\u00bb est un espace de d\u00e9tente situ\u00e9 au c\u0153ur du parc naturel du Morvan, sur les rives du lac des Settons.Il se situe dans l&rsquo;enceinte du Camping Plage du Midi.C&rsquo;est un chalet d\u00e9di\u00e9 au \u00ab\u00a0bien-\u00eatre \u00e9cologique\u00a0\u00bb avec sauna, hammam, terrasse solarium, douche et tisanerie. Uniquement sur rendez-vous &#8211; 8 personnes max. R\u00e9servation au &hellip; <\/p>\n<p class=\"link-more\"><a href=\"https:\/\/settons-spa.com\/\" class=\"more-link\">Continuer la lecture<span class=\"screen-reader-text\"> de &laquo;&nbsp;Accueil&nbsp;&raquo;<\/span><\/a><\/p>\n","protected":false},"author":1,"featured_media":0,"parent":0,"menu_order":0,"comment_status":"closed","ping_status":"closed","template":"","meta":{"footnotes":""},"class_list":["post-6","page","type-page","status-publish","hentry"],"_links":{"self":[{"href":"https:\/\/settons-spa.com\/index.php\/wp-json\/wp\/v2\/pages\/6","targetHints":{"allow":["GET"]}}],"collection":[{"href":"https:\/\/settons-spa.com\/index.php\/wp-json\/wp\/v2\/pages"}],"about":[{"href":"https:\/\/settons-spa.com\/index.php\/wp-json\/wp\/v2\/types\/page"}],"author":[{"embeddable":true,"href":"https:\/\/settons-spa.com\/index.php\/wp-json\/wp\/v2\/users\/1"}],"replies":[{"embeddable":true,"href":"https:\/\/settons-spa.com\/index.php\/wp-json\/wp\/v2\/comments?post=6"}],"version-history":[{"count":44,"href":"https:\/\/settons-spa.com\/index.php\/wp-json\/wp\/v2\/pages\/6\/revisions"}],"predecessor-version":[{"id":190,"href":"https:\/\/settons-spa.com\/index.php\/wp-json\/wp\/v2\/pages\/6\/revisions\/190"}],"wp:attachment":[{"href":"https:\/\/settons-spa.com\/index.php\/wp-json\/wp\/v2\/media?parent=6"}],"curies":[{"name":"wp","href":"https:\/\/api.w.org\/{rel}","templated":true}]}}