{"id":148,"date":"2022-07-13T15:33:54","date_gmt":"2022-07-13T13:33:54","guid":{"rendered":"https:\/\/settons-spa.com\/?page_id=148"},"modified":"2023-05-26T10:19:55","modified_gmt":"2023-05-26T08:19:55","slug":"offrir","status":"publish","type":"page","link":"https:\/\/settons-spa.com\/index.php\/offrir\/","title":{"rendered":"Offrir"},"content":{"rendered":"\n<p>La Parenth\u00e8se Enchant\u00e9e vous propose le cadeau parfait pour vos proches.<\/p>\n\n\n\n<p>Il est d\u00e9sormais possible d&rsquo;obtenir un bon cadeau spa.<br>Peu importe l&rsquo;occasion, cette carte cadeau est un moyen pour vous et vos amis de vous faire plaisir.<\/p>\n\n\n\n<p>Les cartes cadeaux sont disponibles \u00e0 l&rsquo;accueil du Camping Plage du Midi.<\/p>\n\n\n\n<p>Pour plus de renseignements, appelez l&rsquo;accueil au <a href=\"tel:0386845197\">03 86 84 51 97 <\/a><\/p>\n\n\n\n<p><\/p>\n\n\n\n<figure class=\"wp-block-gallery has-nested-images columns-default is-cropped wp-block-gallery-1 is-layout-flex wp-block-gallery-is-layout-flex\">\n<figure class=\"wp-block-image\"><img decoding=\"async\" src=\"https:\/\/settons-spa.com\/wp-content\/uploads\/2022\/07\/bon-cadeau-2-679x1024.jpg\" alt=\"L\u2019attribut alt de cette image est vide, son nom de fichier est bon-cadeau-2-679x1024.jpg.\"\/><\/figure>\n<\/figure>\n","protected":false},"excerpt":{"rendered":"<p>La Parenth\u00e8se Enchant\u00e9e vous propose le cadeau parfait pour vos proches. Il est d\u00e9sormais possible d&rsquo;obtenir un bon cadeau spa.Peu importe l&rsquo;occasion, cette carte cadeau est un moyen pour vous et vos amis de vous faire plaisir. Les cartes cadeaux sont disponibles \u00e0 l&rsquo;accueil du Camping Plage du Midi. Pour plus de renseignements, appelez l&rsquo;accueil &hellip; <\/p>\n<p class=\"link-more\"><a href=\"https:\/\/settons-spa.com\/index.php\/offrir\/\" class=\"more-link\">Continuer la lecture<span class=\"screen-reader-text\"> de &laquo;&nbsp;Offrir&nbsp;&raquo;<\/span><\/a><\/p>\n","protected":false},"author":1,"featured_media":0,"parent":0,"menu_order":0,"comment_status":"closed","ping_status":"closed","template":"","meta":{"footnotes":""},"class_list":["post-148","page","type-page","status-publish","hentry"],"_links":{"self":[{"href":"https:\/\/settons-spa.com\/index.php\/wp-json\/wp\/v2\/pages\/148","targetHints":{"allow":["GET"]}}],"collection":[{"href":"https:\/\/settons-spa.com\/index.php\/wp-json\/wp\/v2\/pages"}],"about":[{"href":"https:\/\/settons-spa.com\/index.php\/wp-json\/wp\/v2\/types\/page"}],"author":[{"embeddable":true,"href":"https:\/\/settons-spa.com\/index.php\/wp-json\/wp\/v2\/users\/1"}],"replies":[{"embeddable":true,"href":"https:\/\/settons-spa.com\/index.php\/wp-json\/wp\/v2\/comments?post=148"}],"version-history":[{"count":6,"href":"https:\/\/settons-spa.com\/index.php\/wp-json\/wp\/v2\/pages\/148\/revisions"}],"predecessor-version":[{"id":194,"href":"https:\/\/settons-spa.com\/index.php\/wp-json\/wp\/v2\/pages\/148\/revisions\/194"}],"wp:attachment":[{"href":"https:\/\/settons-spa.com\/index.php\/wp-json\/wp\/v2\/media?parent=148"}],"curies":[{"name":"wp","href":"https:\/\/api.w.org\/{rel}","templated":true}]}}