{"id":138,"date":"2022-07-05T09:31:45","date_gmt":"2022-07-05T07:31:45","guid":{"rendered":"https:\/\/settons-spa.com\/?page_id=138"},"modified":"2022-07-05T09:31:45","modified_gmt":"2022-07-05T07:31:45","slug":"infos-legales","status":"publish","type":"page","link":"https:\/\/settons-spa.com\/index.php\/infos-legales\/","title":{"rendered":"Infos l\u00e9gales"},"content":{"rendered":"\n<p><strong>\u00c9diteur :<\/strong><\/p>\n\n\n\n<p>Directeur de publication et responsable du site :<br>Jean-Marc Mari<br>G\u00e9rant de la Sarl Mari<br>Camping plage du midi<br>Les branlasses<br>Fr-58230 Montsauches les Settons<\/p>\n\n\n\n<p>Capital social 63 500\u20ac<br>Siret 400 725 560 00017 Rc Nevers 95 b 106<br>TVA FR 14400725560<\/p>\n\n\n\n<p><strong>Cr\u00e9dits :<\/strong><br>Conception du site et r\u00e9alisation : Artisan Num\u00e9rique \u2013 Christophe Duly <a href=\"https:\/\/artinum.net\" target=\"_blank\" rel=\"noreferrer noopener\">https:\/\/artinum.net<\/a><br>H\u00e9bergement : OVH Roubaix \/ Web Kimsufi<br>Toutes les photos sont la propri\u00e9t\u00e9 de Sarl Mari<\/p>\n\n\n\n<p>Toute reproduction des illustrations et photographies du site sont interdites sans accord pr\u00e9alable.<br>La reproduction de tout ou partie de ce site sur un support \u00e9lectronique est autoris\u00e9e sous r\u00e9serve de l\u2019ajout d\u2019un lien hypertexte pointant vers la page source.<br>Les informations utilis\u00e9es ne doivent l\u2019\u00eatre qu\u2019\u00e0 des fins personnelles, associatives ou professionnelles.<br>Toute utilisation \u00e0 des fins commerciales ou publicitaires est exclue.<\/p>\n\n\n\n<p><strong>Protection des donn\u00e9es personnelles :<\/strong><br>Aucune information personnelle n\u2019est collect\u00e9e \u00e0 votre insu.<br>Aucune information personnelle n\u2019est c\u00e9d\u00e9e \u00e0 des tiers.<\/p>\n","protected":false},"excerpt":{"rendered":"<p>\u00c9diteur : Directeur de publication et responsable du site :Jean-Marc MariG\u00e9rant de la Sarl MariCamping plage du midiLes branlassesFr-58230 Montsauches les Settons Capital social 63 500\u20acSiret 400 725 560 00017 Rc Nevers 95 b 106TVA FR 14400725560 Cr\u00e9dits :Conception du site et r\u00e9alisation : Artisan Num\u00e9rique \u2013 Christophe Duly https:\/\/artinum.netH\u00e9bergement : OVH Roubaix \/ Web &hellip; <\/p>\n<p class=\"link-more\"><a href=\"https:\/\/settons-spa.com\/index.php\/infos-legales\/\" class=\"more-link\">Continuer la lecture<span class=\"screen-reader-text\"> de &laquo;&nbsp;Infos l\u00e9gales&nbsp;&raquo;<\/span><\/a><\/p>\n","protected":false},"author":1,"featured_media":0,"parent":0,"menu_order":0,"comment_status":"closed","ping_status":"closed","template":"","meta":{"footnotes":""},"class_list":["post-138","page","type-page","status-publish","hentry"],"_links":{"self":[{"href":"https:\/\/settons-spa.com\/index.php\/wp-json\/wp\/v2\/pages\/138","targetHints":{"allow":["GET"]}}],"collection":[{"href":"https:\/\/settons-spa.com\/index.php\/wp-json\/wp\/v2\/pages"}],"about":[{"href":"https:\/\/settons-spa.com\/index.php\/wp-json\/wp\/v2\/types\/page"}],"author":[{"embeddable":true,"href":"https:\/\/settons-spa.com\/index.php\/wp-json\/wp\/v2\/users\/1"}],"replies":[{"embeddable":true,"href":"https:\/\/settons-spa.com\/index.php\/wp-json\/wp\/v2\/comments?post=138"}],"version-history":[{"count":1,"href":"https:\/\/settons-spa.com\/index.php\/wp-json\/wp\/v2\/pages\/138\/revisions"}],"predecessor-version":[{"id":140,"href":"https:\/\/settons-spa.com\/index.php\/wp-json\/wp\/v2\/pages\/138\/revisions\/140"}],"wp:attachment":[{"href":"https:\/\/settons-spa.com\/index.php\/wp-json\/wp\/v2\/media?parent=138"}],"curies":[{"name":"wp","href":"https:\/\/api.w.org\/{rel}","templated":true}]}}